{"id":65,"date":"2022-07-23T05:54:00","date_gmt":"2022-07-23T05:54:00","guid":{"rendered":"https:\/\/fastwpdemo.com\/newwp\/heritaste\/?page_id=65"},"modified":"2023-05-01T13:41:27","modified_gmt":"2023-05-01T13:41:27","slug":"static-image","status":"publish","type":"page","link":"https:\/\/zanzibarbistro.com\/","title":{"rendered":"Static Image"},"content":{"rendered":"\t\t<div data-elementor-type=\"wp-page\" data-elementor-id=\"65\" class=\"elementor elementor-65\">\n\t\t\t\t\t\t\t\t\t<section class=\"elementor-section elementor-top-section elementor-element elementor-element-aad00e7 elementor-section-full_width elementor-section-height-full animated-slow elementor-section-height-default elementor-section-items-middle elementor-invisible\" data-id=\"aad00e7\" data-element_type=\"section\" data-settings=\"{&quot;animation&quot;:&quot;fadeIn&quot;}\">\n\t\t\t\t\t\t<div class=\"elementor-container elementor-column-gap-default\">\n\t\t\t\t\t<div class=\"elementor-column elementor-col-100 elementor-top-column elementor-element elementor-element-ef80918\" data-id=\"ef80918\" data-element_type=\"column\">\n\t\t\t<div class=\"elementor-widget-wrap elementor-element-populated\">\n\t\t\t\t\t\t\t\t<div class=\"elementor-element elementor-element-b4849fe e-transform elementor-widget elementor-widget-heritaste_menu_section_v8\" data-id=\"b4849fe\" data-element_type=\"widget\" data-settings=\"{&quot;_transform_translateX_effect&quot;:{&quot;unit&quot;:&quot;px&quot;,&quot;size&quot;:&quot;&quot;,&quot;sizes&quot;:[]},&quot;_transform_translateX_effect_tablet&quot;:{&quot;unit&quot;:&quot;px&quot;,&quot;size&quot;:&quot;&quot;,&quot;sizes&quot;:[]},&quot;_transform_translateX_effect_mobile&quot;:{&quot;unit&quot;:&quot;px&quot;,&quot;size&quot;:&quot;&quot;,&quot;sizes&quot;:[]},&quot;_transform_translateY_effect&quot;:{&quot;unit&quot;:&quot;px&quot;,&quot;size&quot;:&quot;&quot;,&quot;sizes&quot;:[]},&quot;_transform_translateY_effect_tablet&quot;:{&quot;unit&quot;:&quot;px&quot;,&quot;size&quot;:&quot;&quot;,&quot;sizes&quot;:[]},&quot;_transform_translateY_effect_mobile&quot;:{&quot;unit&quot;:&quot;px&quot;,&quot;size&quot;:&quot;&quot;,&quot;sizes&quot;:[]}}\" data-widget_type=\"heritaste_menu_section_v8.default\">\n\t\t\t\t<div class=\"elementor-widget-container\">\n\t\t\t    \n    <!-- static-menu -->\n    <section class=\"static-menu\">\n                <div class=\"bg-layer\" style=\"background-image: url(https:\/\/zanzibarbistro.com\/wp-content\/uploads\/2023\/05\/zanzibar.jpg);\"><\/div>\n                <div class=\"static-menu-content\">\n                        <div class=\"content-box\">\n                <span class=\"big-text\">SALADES<\/span>                <div class=\"title-box\">\n                    <h2>SALADES<\/h2>                                    <\/div>\n                                <div class=\"single-item\">\n                    <h3><a href=\"\">SALADE TERRE MERE<\/a><\/h3>\n                    <p>Laitue, Tomate, Oignon, Crevette, Avocat<\/p>\n                    <h5>5000<\/h5>\n                <\/div>\n                                <div class=\"single-item\">\n                    <h3><a href=\"\">SALADE C\u00c9SAR<\/a><\/h3>\n                    <p>Laitue, Crouton, poulet, Olive, Origan<\/p>\n                    <h5>4500<\/h5>\n                <\/div>\n                                <div class=\"single-item\">\n                    <h3><a href=\"\">SALADE FETA<\/a><\/h3>\n                    <p>Laitue, Tomate, Oignon, Feta, Olive, Origan, Poivron, Concombre<\/p>\n                    <h5>4000<\/h5>\n                <\/div>\n                                <div class=\"single-item\">\n                    <h3><a href=\"\">SALADE EXOTIQUE<\/a><\/h3>\n                    <p>Laitue, Tomate, Concombre, Carotte, Betterave, Oignon<\/p>\n                    <h5>3500<\/h5>\n                <\/div>\n                            <\/div>\n                                    <div class=\"content-box\">\n                <span class=\"big-text\">TAPAS<\/span>                <div class=\"title-box\">\n                    <h2>TAPAS<\/h2>                                    <\/div>\n                                <div class=\"single-item\">\n                    <h3><a href=\"\">CALAMAR RINGS X5<\/a><\/h3>\n                    <p><\/p>\n                    <h5>5000<\/h5>\n                <\/div>\n                                <div class=\"single-item\">\n                    <h3><a href=\"\">TACOS X4<\/a><\/h3>\n                    <p><\/p>\n                    <h5>4500<\/h5>\n                <\/div>\n                                <div class=\"single-item\">\n                    <h3><a href=\"\">HOT WINGS X6<\/a><\/h3>\n                    <p><\/p>\n                    <h5>4000<\/h5>\n                <\/div>\n                                <div class=\"single-item\">\n                    <h3><a href=\"\">SAMOUSSA VIANDE X5<\/a><\/h3>\n                    <p><\/p>\n                    <h5>5000<\/h5>\n                <\/div>\n                                <div class=\"single-item\">\n                    <h3><a href=\"\">MOZZARELLA STICKS X4<\/a><\/h3>\n                    <p><\/p>\n                    <h5>4000<\/h5>\n                <\/div>\n                            <\/div>\n                                    <div class=\"content-box\">\n                <span class=\"big-text\">BURGERS<\/span>                <div class=\"title-box\">\n                    <h2>BURGERS<\/h2>                    <p>*Tous les burgers et sandwichs sont accompagn\u00e9s de frites et coleslaw<\/p>                <\/div>\n                                <div class=\"single-item\">\n                    <h3><a href=\"\">CHICKEN BUFFALO<\/a><\/h3>\n                    <p>Poulet grill\u00e9, Oignons et Poivrons grill\u00e9s, Fromage Mozza, Piment, Cornichons<\/p>\n                    <h5>6000<\/h5>\n                <\/div>\n                                <div class=\"single-item\">\n                    <h3><a href=\"\">SWISS MUSHROOM<\/a><\/h3>\n                    <p>Champignon, Oignon grill\u00e9, Steak hach\u00e9, Fromage, Mozza, Cr\u00e8me fra\u00eeche, Cornichons<\/p>\n                    <h5>6000<\/h5>\n                <\/div>\n                                <div class=\"single-item\">\n                    <h3><a href=\"\">PABLO BURGER<\/a><\/h3>\n                    <p>Laitue, Guacamole, Tortilla chips, Steak hach\u00e9 piquant, Cornichons, Sauce<\/p>\n                    <h5>6000<\/h5>\n                <\/div>\n                                <div class=\"single-item\">\n                    <h3><a href=\"\">AM\u00c9RICAIN CLASSIC<\/a><\/h3>\n                    <p>Laitue, Tomate, Oignon, Cornichon, Steak hach\u00e9 Cheddar, Sauce<\/p>\n                    <h5>5000<\/h5>\n                <\/div>\n                            <\/div>\n                                    <div class=\"content-box\">\n                <span class=\"big-text\">SANDWICHS<\/span>                <div class=\"title-box\">\n                    <h2>SANDWICHS<\/h2>                    <p>*Tous les burgers et sandwichs sont accompagn\u00e9s de frites et coleslaw<\/p>                <\/div>\n                                <div class=\"single-item\">\n                    <h3><a href=\"\">FAJITA<\/a><\/h3>\n                    <p>Eminc\u00e9s de poulet grill\u00e9, Oignon et Poivrons, Mozza Sauce<\/p>\n                    <h5>5000<\/h5>\n                <\/div>\n                                <div class=\"single-item\">\n                    <h3><a href=\"\">CHICKEN PESTO<\/a><\/h3>\n                    <p>Eminc\u00e9s de poulet grill\u00e9, Pesto, Tomates, Oignons, Mozza Laitue<\/p>\n                    <h5>5000<\/h5>\n                <\/div>\n                                <div class=\"single-item\">\n                    <h3><a href=\"\">BEEF MEXICAIN<\/a><\/h3>\n                    <p>Eminc\u00e9s de filet de boeuf, Salsa, Oignons et Poivrons Piment, Fromage, Sauce<\/p>\n                    <h5>5000<\/h5>\n                <\/div>\n                                <div class=\"single-item\">\n                    <h3><a href=\"\">PHILLY  STEAK<\/a><\/h3>\n                    <p>Eminc\u00e9s de filet de boeuf, Oignons, Champignons grill\u00e9s Fromage, Sauce<\/p>\n                    <h5>5000<\/h5>\n                <\/div>\n                            <\/div>\n                                    <div class=\"content-box\">\n                <span class=\"big-text\">BARBECUE<\/span>                <div class=\"title-box\">\n                    <h2>BARBECUE<\/h2>                                    <\/div>\n                                <div class=\"single-item\">\n                    <h3><a href=\"\">C\u00d4TELETTE D\u2019AGNEAU<\/a><\/h3>\n                    <p><\/p>\n                    <h5>7500<\/h5>\n                <\/div>\n                                <div class=\"single-item\">\n                    <h3><a href=\"\">C\u00d4TE DE BOEUF<\/a><\/h3>\n                    <p><\/p>\n                    <h5>9000<\/h5>\n                <\/div>\n                                <div class=\"single-item\">\n                    <h3><a href=\"\">FILET DE BOEUF<\/a><\/h3>\n                    <p><\/p>\n                    <h5>7000<\/h5>\n                <\/div>\n                                <div class=\"single-item\">\n                    <h3><a href=\"\">POISSON DU JOUR<\/a><\/h3>\n                    <p><\/p>\n                    <h5>8000<\/h5>\n                <\/div>\n                                <div class=\"single-item\">\n                    <h3><a href=\"\">BROCHETTES DE GAMBAS<\/a><\/h3>\n                    <p><\/p>\n                    <h5>10000<\/h5>\n                <\/div>\n                                <div class=\"single-item\">\n                    <h3><a href=\"\">BROCHETTES DE POULET<\/a><\/h3>\n                    <p><\/p>\n                    <h5>6000<\/h5>\n                <\/div>\n                                <div class=\"single-item\">\n                    <h3><a href=\"\">BROCHETTES DE BOEUF<\/a><\/h3>\n                    <p><\/p>\n                    <h5>6000<\/h5>\n                <\/div>\n                                <div class=\"single-item\">\n                    <h3><a href=\"\">ACCOMPAGNEMENTS &#038; SAUCES<\/a><\/h3>\n                    <p>&#8212; Frites &#8212; Riz &#8212; Alloco &#8212; pommes saut\u00e9es &#8212; L\u00e9gumes saut\u00e9s &#8212; Frites de patates douces &#8212; Cr\u00e8me champignons &#8212; Sauce poivre &#8212; sauce Moutarde &#8212; Sauce tomate &#8212; Sauce roquefort &#8212; Sauce piquante &nbsp;<\/p>\n                    <h5><\/h5>\n                <\/div>\n                            <\/div>\n                                    <div class=\"content-box\">\n                <span class=\"big-text\">PIZZAS<\/span>                <div class=\"title-box\">\n                    <h2>PIZZAS<\/h2>                                    <\/div>\n                                <div class=\"single-item\">\n                    <h3><a href=\"\">FRUITS DE MER<\/a><\/h3>\n                    <p>Sauce Tomate, Mozzarella, Crevettes, Moules, Calamar, Ail Ciboulettes<\/p>\n                    <h5>7500<\/h5>\n                <\/div>\n                                <div class=\"single-item\">\n                    <h3><a href=\"\">ALFREDO<\/a><\/h3>\n                    <p>Sauce Tomate, Mozzarella, Eminc\u00e9s de blanc de poulet Champignons, Oignons, Olive<\/p>\n                    <h5>6000<\/h5>\n                <\/div>\n                                <div class=\"single-item\">\n                    <h3><a href=\"\">BOLOGNAISE<\/a><\/h3>\n                    <p>Sauce Tomate, Mozzarella, Viande hach\u00e9e, Tomate Oignons, Piment, Olive<\/p>\n                    <h5>6000<\/h5>\n                <\/div>\n                                <div class=\"single-item\">\n                    <h3><a href=\"\">4 FROMAGES<\/a><\/h3>\n                    <p>Sauce Tomate, Mozzarella, Emmental, Roquefort et Ch\u00e8vre<\/p>\n                    <h5>6000<\/h5>\n                <\/div>\n                                <div class=\"single-item\">\n                    <h3><a href=\"\">V\u00c9G\u00c9TARIEN<\/a><\/h3>\n                    <p>Sauce Tomate, Fromage, Poivron, Oignons, Tomates Champignons, Olive<\/p>\n                    <h5>5500<\/h5>\n                <\/div>\n                                <div class=\"single-item\">\n                    <h3><a href=\"\">REINE<\/a><\/h3>\n                    <p>Sauce Tomate, Fromage, Poivron, Oignons, Tomates Champignons, Olive<\/p>\n                    <h5>4500<\/h5>\n                <\/div>\n                                <div class=\"single-item\">\n                    <h3><a href=\"\">MARGERITA<\/a><\/h3>\n                    <p>Sauce Tomate, Fromage, Basilic<\/p>\n                    <h5>4500<\/h5>\n                <\/div>\n                            <\/div>\n                                    <div class=\"content-box\">\n                <span class=\"big-text\">PATES<\/span>                <div class=\"title-box\">\n                    <h2>PATES<\/h2>                                    <\/div>\n                                <div class=\"single-item\">\n                    <h3><a href=\"\">DEL MARE<\/a><\/h3>\n                    <p>Tagliatelles, Calamar pan\u00e9, Poisson pan\u00e9, Parmesan<\/p>\n                    <h5>7000<\/h5>\n                <\/div>\n                                <div class=\"single-item\">\n                    <h3><a href=\"\">VIANDETTA<\/a><\/h3>\n                    <p>M\u00e9lange de l\u00e9gumes grill\u00e9s, \u00c9minc\u00e9s de viande, Sauce Tomate, Parmesan<\/p>\n                    <h5>6500<\/h5>\n                <\/div>\n                                <div class=\"single-item\">\n                    <h3><a href=\"\">WOK CREVETTES<\/a><\/h3>\n                    <p>M\u00e9lange de l\u00e9gumes grill\u00e9s, Crevettes, Gingembre, Sauce Soja, S\u00e9same<\/p>\n                    <h5>6500<\/h5>\n                <\/div>\n                                <div class=\"single-item\">\n                    <h3><a href=\"\">PASTA PESTO<\/a><\/h3>\n                    <p>Tagliatelles, Blanc de Poulet grill\u00e9, Pesto, Cr\u00e8me fra\u00eeche, Basilic, Parmesan<\/p>\n                    <h5>6000<\/h5>\n                <\/div>\n                            <\/div>\n                                    <div class=\"content-box\">\n                <span class=\"big-text\">DESSERTS<\/span>                <div class=\"title-box\">\n                    <h2>DESSERTS<\/h2>                                    <\/div>\n                                <div class=\"single-item\">\n                    <h3><a href=\"\">BANANA SPLIT<\/a><\/h3>\n                    <p><\/p>\n                    <h5>4000<\/h5>\n                <\/div>\n                                <div class=\"single-item\">\n                    <h3><a href=\"\">TAGLIATELLES DE CR\u00caPES<\/a><\/h3>\n                    <p><\/p>\n                    <h5>4000<\/h5>\n                <\/div>\n                                <div class=\"single-item\">\n                    <h3><a href=\"\">FONDANT AU CHOCOLAT<\/a><\/h3>\n                    <p><\/p>\n                    <h5>4000<\/h5>\n                <\/div>\n                            <\/div>\n                                <\/div>\n    <\/section>\n    <!-- static-menu end -->\n        \n        \t\t<\/div>\n\t\t\t\t<\/div>\n\t\t\t\t\t<\/div>\n\t\t<\/div>\n\t\t\t\t\t\t\t<\/div>\n\t\t<\/section>\n\t\t\t\t\t\t\t<\/div>\n\t\t","protected":false},"excerpt":{"rendered":"<p>SALADES SALADES SALADE TERRE MERE Laitue, Tomate, Oignon, Crevette, Avocat 5000 SALADE C\u00c9SAR Laitue, Crouton, poulet, Olive, Origan 4500 SALADE FETA Laitue, Tomate, Oignon, Feta, Olive, Origan, Poivron, Concombre 4000 SALADE EXOTIQUE Laitue, Tomate, Concombre, Carotte, Betterave, Oignon 3500 TAPAS TAPAS CALAMAR RINGS X5 5000 TACOS X4 4500 HOT WINGS X6 4000 SAMOUSSA VIANDE X5 [&hellip;]<\/p>\n","protected":false},"author":1,"featured_media":0,"parent":0,"menu_order":0,"comment_status":"closed","ping_status":"closed","template":"elementor_canvas","meta":[],"_links":{"self":[{"href":"https:\/\/zanzibarbistro.com\/index.php\/wp-json\/wp\/v2\/pages\/65"}],"collection":[{"href":"https:\/\/zanzibarbistro.com\/index.php\/wp-json\/wp\/v2\/pages"}],"about":[{"href":"https:\/\/zanzibarbistro.com\/index.php\/wp-json\/wp\/v2\/types\/page"}],"author":[{"embeddable":true,"href":"https:\/\/zanzibarbistro.com\/index.php\/wp-json\/wp\/v2\/users\/1"}],"replies":[{"embeddable":true,"href":"https:\/\/zanzibarbistro.com\/index.php\/wp-json\/wp\/v2\/comments?post=65"}],"version-history":[{"count":37,"href":"https:\/\/zanzibarbistro.com\/index.php\/wp-json\/wp\/v2\/pages\/65\/revisions"}],"predecessor-version":[{"id":1587,"href":"https:\/\/zanzibarbistro.com\/index.php\/wp-json\/wp\/v2\/pages\/65\/revisions\/1587"}],"wp:attachment":[{"href":"https:\/\/zanzibarbistro.com\/index.php\/wp-json\/wp\/v2\/media?parent=65"}],"curies":[{"name":"wp","href":"https:\/\/api.w.org\/{rel}","templated":true}]}}